{"id":357,"date":"2016-07-30T01:20:36","date_gmt":"2016-07-30T01:20:36","guid":{"rendered":"http:\/\/thesmartluxe.com\/es\/?page_id=357"},"modified":"2016-08-23T20:58:36","modified_gmt":"2016-08-23T20:58:36","slug":"acerca-de-nosotros","status":"publish","type":"page","link":"https:\/\/thesmartluxe.com\/es\/acerca-de-nosotros\/","title":{"rendered":"Acerca de nosotros"},"content":{"rendered":"<p>[et_pb_section admin_label=\u00bbSection\u00bb fullwidth=\u00bbon\u00bb specialty=\u00bboff\u00bb transparent_background=\u00bbon\u00bb background_color=\u00bb#ffffff\u00bb allow_player_pause=\u00bboff\u00bb inner_shadow=\u00bboff\u00bb parallax=\u00bbon\u00bb parallax_method=\u00bbon\u00bb padding_mobile=\u00bboff\u00bb make_fullwidth=\u00bboff\u00bb use_custom_width=\u00bboff\u00bb width_unit=\u00bbon\u00bb make_equal=\u00bboff\u00bb use_custom_gutter=\u00bboff\u00bb background_image=\u00bbhttp:\/\/thesmartluxe.com\/wp-content\/uploads\/2016\/06\/Palm-trees-1800-x-580.jpg\u00bb][et_pb_fullwidth_header admin_label=\u00bbFullwidth Header\u00bb title=\u00bbM\u00e1s sobre\u00bb subhead=\u00bbEl Equipo Smartluxe\u00bb background_layout=\u00bbdark\u00bb text_orientation=\u00bbcenter\u00bb header_fullscreen=\u00bboff\u00bb header_scroll_down=\u00bboff\u00bb parallax=\u00bbon\u00bb parallax_method=\u00bboff\u00bb content_orientation=\u00bbcenter\u00bb image_orientation=\u00bbcenter\u00bb title_font_size=\u00bb100px\u00bb subhead_font=\u00bbArial|||on|\u00bb custom_button_one=\u00bboff\u00bb button_one_letter_spacing=\u00bb0&#8243; button_one_use_icon=\u00bbdefault\u00bb button_one_icon_placement=\u00bbright\u00bb button_one_on_hover=\u00bbon\u00bb button_one_letter_spacing_hover=\u00bb0&#8243; custom_button_two=\u00bboff\u00bb button_two_letter_spacing=\u00bb0&#8243; button_two_use_icon=\u00bbdefault\u00bb button_two_icon_placement=\u00bbright\u00bb button_two_on_hover=\u00bbon\u00bb button_two_letter_spacing_hover=\u00bb0&#8243; title_font=\u00bb|on|||\u00bb subhead_font_size=\u00bb20px\u00bb]<\/p>\n<p>&nbsp;<\/p>\n<p>&nbsp;<\/p>\n<p>[\/et_pb_fullwidth_header][\/et_pb_section][et_pb_section admin_label=\u00bbsection\u00bb][et_pb_row admin_label=\u00bbrow\u00bb][et_pb_column type=\u00bb1_2&#8243;][et_pb_image admin_label=\u00bbImage\u00bb src=\u00bbhttp:\/\/thesmartluxe.com\/wp-content\/uploads\/2016\/07\/TheSmartluxeTeam-600-x-450.jpg\u00bb show_in_lightbox=\u00bboff\u00bb url_new_window=\u00bboff\u00bb use_overlay=\u00bboff\u00bb animation=\u00bboff\u00bb sticky=\u00bboff\u00bb align=\u00bbcenter\u00bb force_fullwidth=\u00bboff\u00bb always_center_on_mobile=\u00bbon\u00bb use_border_color=\u00bboff\u00bb border_color=\u00bb#ffffff\u00bb border_style=\u00bbsolid\u00bb alt=\u00bbEquipo Smartluxe comparten su pasi\u00f3n por viajar y por la comida vegetariana\u00bb] [\/et_pb_image][\/et_pb_column][et_pb_column type=\u00bb1_2&#8243;][et_pb_text admin_label=\u00bbThe Smartluxe Team\u00bb background_layout=\u00bblight\u00bb text_orientation=\u00bbjustified\u00bb use_border_color=\u00bboff\u00bb border_color=\u00bb#ffffff\u00bb border_style=\u00bbsolid\u00bb custom_margin=\u00bb40px|||\u00bb custom_padding=\u00bb40px||20px|\u00bb]<\/p>\n<h4 class=\"font_8\" style=\"text-align: center;\"><strong>Hola, Hello, Konnichiwa!<\/strong><\/h4>\n<p>Somos Eka, Yuka y Gopal, y nos gusta llamarnos el Equipo Smartluxe. Reunidos en Argentina, estamos aqu\u00ed para compartir nuestra pasi\u00f3n por viajar a todas partes del mundo y por la deliciosa y saludable<strong> comida vegetariana y vegana<\/strong>, sumando una sana dosis de <strong>yoga y meditaci\u00f3n<\/strong>. Nuestro objetivo es compartir ingeniosos <strong>consejos y trucos de viaje e inspirarte a viajar<\/strong> y a que tengas un grato estilo de vida mientras alimentas tu esp\u00edritu. \u00a1S\u00edguenos y descubre alentadoras, \u00fatiles y divertidas historias mientras nos esforzamos para llevarte a ver al mundo bajo una nueva luz!<\/p>\n<p>[\/et_pb_text][et_pb_social_media_follow admin_label=\u00bbSocial Medial Follow\u00bb link_shape=\u00bbcircle\u00bb background_layout=\u00bblight\u00bb url_new_window=\u00bbon\u00bb follow_button=\u00bboff\u00bb]<\/p>\n<p>[et_pb_social_media_follow_network social_network=\u00bbfacebook\u00bb url=\u00bbhttps:\/\/www.facebook.com\/thesmartluxe\/\u00bb skype_action=\u00bbcall\u00bb bg_color=\u00bb#dcf450&#8243;]<\/p>\n<p>facebook<\/p>\n<p>[\/et_pb_social_media_follow_network][et_pb_social_media_follow_network social_network=\u00bbtwitter\u00bb url=\u00bbhttps:\/\/twitter.com\/thesmartluxe\u00bb skype_action=\u00bbcall\u00bb bg_color=\u00bb#dcf450&#8243;]<\/p>\n<p>Twitter<\/p>\n<p>[\/et_pb_social_media_follow_network][et_pb_social_media_follow_network social_network=\u00bbinstagram\u00bb url=\u00bbhttps:\/\/uk.pinterest.com\/thesmartluxe\/\u00bb skype_action=\u00bbcall\u00bb bg_color=\u00bb#dcf450&#8243;]<\/p>\n<p>Instagram<\/p>\n<p>[\/et_pb_social_media_follow_network][et_pb_social_media_follow_network social_network=\u00bbpinterest\u00bb url=\u00bbhttps:\/\/uk.pinterest.com\/thesmartluxe\/\u00bb skype_action=\u00bbcall\u00bb bg_color=\u00bb#dcf450&#8243;]<\/p>\n<p>Pinterest<\/p>\n<p>[\/et_pb_social_media_follow_network]<\/p>\n<p>[\/et_pb_social_media_follow][\/et_pb_column][\/et_pb_row][\/et_pb_section][et_pb_section admin_label=\u00bbSection\u00bb fullwidth=\u00bboff\u00bb specialty=\u00bboff\u00bb][et_pb_row admin_label=\u00bbRow\u00bb][et_pb_column type=\u00bb4_4&#8243;][et_pb_text admin_label=\u00bbMeet the Team\u00bb background_layout=\u00bblight\u00bb text_orientation=\u00bbjustified\u00bb use_border_color=\u00bboff\u00bb border_color=\u00bb#8fedf4&#8243; border_style=\u00bbdouble\u00bb text_font=\u00bbArial||||\u00bb background_color=\u00bbrgba(255,255,255,0)\u00bb border_width=\u00bb3px\u00bb]<\/p>\n<h3 class=\"font_18\" style=\"text-align: center;\"><strong>Conoce al equipo<\/strong><\/h3>\n<div><\/div>\n<p>[\/et_pb_text][\/et_pb_column][\/et_pb_row][et_pb_row admin_label=\u00bbRow\u00bb][et_pb_column type=\u00bb1_3&#8243;][et_pb_team_member admin_label=\u00bbEka profile\u00bb name=\u00bbEka\u00bb position=\u00bbConsejero de viajes\u00bb image_url=\u00bbhttp:\/\/thesmartluxe.com\/wp-content\/uploads\/2016\/06\/Eka_400x400.jpg\u00bb animation=\u00bboff\u00bb background_layout=\u00bblight\u00bb use_border_color=\u00bboff\u00bb border_color=\u00bb#8fedf4&#8243; border_style=\u00bbsolid\u00bb] Eka es nuestro visionario argentino que una vez fue monje en India. Ha viajado al rededor del mundo m\u00e1s de 72 veces y tiene amigos en todas partes del planeta. Con una enorme sonrisa y un corazon tan amable, \u00bfqui\u00e9n no querr\u00eda ser amigo suyo? Compartir\u00e1 contigo consejos sobre c\u00f3mo viajar inteligentemente al igual que c\u00f3mo mantenerse centrado durante tus viajes por todo el mundo. [\/et_pb_team_member][\/et_pb_column][et_pb_column type=\u00bb1_3&#8243;][et_pb_team_member admin_label=\u00bbYuka profile\u00bb name=\u00bbYuka\u00bb position=\u00bbConsejera de c\u00f3mo-ser-un-local cuando viajas\u00bb image_url=\u00bbhttp:\/\/thesmartluxe.com\/wp-content\/uploads\/2016\/06\/Yuka_400x400.jpg\u00bb animation=\u00bboff\u00bb background_layout=\u00bblight\u00bb use_border_color=\u00bboff\u00bb border_color=\u00bb#ffffff\u00bb border_style=\u00bbsolid\u00bb] Yuka es la chica a quien le han preguntado innumeradas veces: \u201cde d\u00f3nde eres?\u201d. Se ha mudado m\u00e1s de 20 veces y ha vivido en 7 pa\u00edses diferentes\u2026 Quiz\u00e1 se deba a ello? Pero su punto fuerte es el adaptarse a nuevos entornos y culturas, por lo que compartir\u00e1 numerosos consejos sobre c\u00f3mo realizar una transici\u00f3n f\u00e1cilmente al viajar y acoger nuevas culturas. Tambi\u00e9n disfruta experimentando en la cocina y creando todo tipo de comida vegetariana y vegana. [\/et_pb_team_member][\/et_pb_column][et_pb_column type=\u00bb1_3&#8243;][et_pb_team_member admin_label=\u00bbGopal Profile\u00bb name=\u00bbGopal\u00bb animation=\u00bboff\u00bb background_layout=\u00bblight\u00bb use_border_color=\u00bboff\u00bb border_color=\u00bb#ffffff\u00bb border_style=\u00bbsolid\u00bb position=\u00bbGur\u00fa de cocina\u00bb image_url=\u00bbhttp:\/\/thesmartluxe.com\/wp-content\/uploads\/2016\/06\/Gopal-400-x-400.jpg\u00bb]<\/p>\n<p>&nbsp;<\/p>\n<p>Afectivamente llamado \u201cGopi\u201d, es due\u00f1o de un coraz\u00f3n de oro. Aunque nacido y crecido en Argentina, su amor por explorar y por las aventuras nunca encuentra su fin. Sus creativos ojos y su entusiasmo son adictivos, y la comida que sirve en su restor\u00e1n vegetariano es alucinante. Por supuesto, \u00e9l estar\u00e1 compartiendo tips sobre c\u00f3mo mantenerse sano sin traicionar a nuestros gustos.<\/p>\n<p>&nbsp;<\/p>\n<p>[\/et_pb_team_member][\/et_pb_column][\/et_pb_row][\/et_pb_section]<\/p>\n","protected":false},"excerpt":{"rendered":"<p>[et_pb_section admin_label=\u00bbSection\u00bb fullwidth=\u00bbon\u00bb specialty=\u00bboff\u00bb transparent_background=\u00bbon\u00bb background_color=\u00bb#ffffff\u00bb allow_player_pause=\u00bboff\u00bb inner_shadow=\u00bboff\u00bb parallax=\u00bbon\u00bb parallax_method=\u00bbon\u00bb padding_mobile=\u00bboff\u00bb make_fullwidth=\u00bboff\u00bb use_custom_width=\u00bboff\u00bb width_unit=\u00bbon\u00bb make_equal=\u00bboff\u00bb use_custom_gutter=\u00bboff\u00bb background_image=\u00bbhttp:\/\/thesmartluxe.com\/wp-content\/uploads\/2016\/06\/Palm-trees-1800-x-580.jpg\u00bb][et_pb_fullwidth_header admin_label=\u00bbFullwidth Header\u00bb title=\u00bbM\u00e1s sobre\u00bb subhead=\u00bbEl Equipo Smartluxe\u00bb background_layout=\u00bbdark\u00bb text_orientation=\u00bbcenter\u00bb header_fullscreen=\u00bboff\u00bb header_scroll_down=\u00bboff\u00bb parallax=\u00bbon\u00bb parallax_method=\u00bboff\u00bb content_orientation=\u00bbcenter\u00bb image_orientation=\u00bbcenter\u00bb title_font_size=\u00bb100px\u00bb subhead_font=\u00bbArial|||on|\u00bb custom_button_one=\u00bboff\u00bb button_one_letter_spacing=\u00bb0&#8243; button_one_use_icon=\u00bbdefault\u00bb button_one_icon_placement=\u00bbright\u00bb button_one_on_hover=\u00bbon\u00bb button_one_letter_spacing_hover=\u00bb0&#8243; custom_button_two=\u00bboff\u00bb button_two_letter_spacing=\u00bb0&#8243; button_two_use_icon=\u00bbdefault\u00bb button_two_icon_placement=\u00bbright\u00bb button_two_on_hover=\u00bbon\u00bb button_two_letter_spacing_hover=\u00bb0&#8243; title_font=\u00bb|on|||\u00bb subhead_font_size=\u00bb20px\u00bb] &nbsp; &nbsp; [\/et_pb_fullwidth_header][\/et_pb_section][et_pb_section admin_label=\u00bbsection\u00bb][et_pb_row admin_label=\u00bbrow\u00bb][et_pb_column type=\u00bb1_2&#8243;][et_pb_image admin_label=\u00bbImage\u00bb [&hellip;]<\/p>\n","protected":false},"author":2,"featured_media":0,"parent":0,"menu_order":0,"comment_status":"closed","ping_status":"closed","template":"","meta":{"_bbp_topic_count":0,"_bbp_reply_count":0,"_bbp_total_topic_count":0,"_bbp_total_reply_count":0,"_bbp_voice_count":0,"_bbp_anonymous_reply_count":0,"_bbp_topic_count_hidden":0,"_bbp_reply_count_hidden":0,"_bbp_forum_subforum_count":0,"footnotes":""},"class_list":["post-357","page","type-page","status-publish","hentry"],"_links":{"self":[{"href":"https:\/\/thesmartluxe.com\/es\/wp-json\/wp\/v2\/pages\/357","targetHints":{"allow":["GET"]}}],"collection":[{"href":"https:\/\/thesmartluxe.com\/es\/wp-json\/wp\/v2\/pages"}],"about":[{"href":"https:\/\/thesmartluxe.com\/es\/wp-json\/wp\/v2\/types\/page"}],"author":[{"embeddable":true,"href":"https:\/\/thesmartluxe.com\/es\/wp-json\/wp\/v2\/users\/2"}],"replies":[{"embeddable":true,"href":"https:\/\/thesmartluxe.com\/es\/wp-json\/wp\/v2\/comments?post=357"}],"version-history":[{"count":3,"href":"https:\/\/thesmartluxe.com\/es\/wp-json\/wp\/v2\/pages\/357\/revisions"}],"predecessor-version":[{"id":551,"href":"https:\/\/thesmartluxe.com\/es\/wp-json\/wp\/v2\/pages\/357\/revisions\/551"}],"wp:attachment":[{"href":"https:\/\/thesmartluxe.com\/es\/wp-json\/wp\/v2\/media?parent=357"}],"curies":[{"name":"wp","href":"https:\/\/api.w.org\/{rel}","templated":true}]}}