{"id":340,"date":"2016-07-20T16:58:56","date_gmt":"2016-07-20T16:58:56","guid":{"rendered":"http:\/\/thesmartluxe.com\/es\/?page_id=340"},"modified":"2016-07-20T21:49:46","modified_gmt":"2016-07-20T21:49:46","slug":"destinos","status":"publish","type":"page","link":"https:\/\/thesmartluxe.com\/es\/destinos\/","title":{"rendered":"Destinos"},"content":{"rendered":"<p>[et_pb_section admin_label=\u00bbSection\u00bb fullwidth=\u00bbon\u00bb specialty=\u00bboff\u00bb background_image=\u00bbhttp:\/\/thesmartluxe.com\/wp-content\/uploads\/2016\/06\/Tuktuk-Bangkok.jpg\u00bb transparent_background=\u00bbon\u00bb background_color=\u00bb#ffffff\u00bb allow_player_pause=\u00bboff\u00bb inner_shadow=\u00bboff\u00bb parallax=\u00bbon\u00bb parallax_method=\u00bbon\u00bb padding_mobile=\u00bboff\u00bb make_fullwidth=\u00bboff\u00bb use_custom_width=\u00bboff\u00bb width_unit=\u00bbon\u00bb make_equal=\u00bboff\u00bb use_custom_gutter=\u00bboff\u00bb][et_pb_fullwidth_header admin_label=\u00bbFullwidth Header\u00bb title=\u00bbDestinos\u00bb subhead=\u00bb\u00bfA d\u00f3nde ir\u00e1s?\u00bb background_layout=\u00bbdark\u00bb text_orientation=\u00bbcenter\u00bb header_fullscreen=\u00bboff\u00bb header_scroll_down=\u00bboff\u00bb parallax=\u00bboff\u00bb parallax_method=\u00bboff\u00bb content_orientation=\u00bbcenter\u00bb image_orientation=\u00bbcenter\u00bb custom_button_one=\u00bboff\u00bb button_one_letter_spacing=\u00bb0&#8243; button_one_use_icon=\u00bbdefault\u00bb button_one_icon_placement=\u00bbright\u00bb button_one_on_hover=\u00bbon\u00bb button_one_letter_spacing_hover=\u00bb0&#8243; custom_button_two=\u00bboff\u00bb button_two_letter_spacing=\u00bb0&#8243; button_two_use_icon=\u00bbdefault\u00bb button_two_icon_placement=\u00bbright\u00bb button_two_on_hover=\u00bbon\u00bb button_two_letter_spacing_hover=\u00bb0&#8243; title_font_size=\u00bb60px\u00bb title_font=\u00bb|on|||\u00bb subhead_font=\u00bbVerdana|||on|\u00bb] [\/et_pb_fullwidth_header][\/et_pb_section][et_pb_section admin_label=\u00bbSection\u00bb fullwidth=\u00bboff\u00bb specialty=\u00bboff\u00bb][et_pb_row admin_label=\u00bbRow\u00bb][et_pb_column type=\u00bb4_4&#8243;][et_pb_text admin_label=\u00bbText\u00bb background_layout=\u00bblight\u00bb text_orientation=\u00bbleft\u00bb use_border_color=\u00bboff\u00bb border_color=\u00bb#ffffff\u00bb border_style=\u00bbsolid\u00bb text_font=\u00bbArial||||\u00bb]<\/p>\n<p>\u00a1Estamos tan emocionados por ti y tu esp\u00edritu viajero! Viajar, definitivamente, ha abierto nuestras mentes siguiendo por ense\u00f1arnos sobre nosotros mismos. Estamos seguros de que t\u00fa tambi\u00e9n tendr\u00e1s experiencias similares en tus viajes. Hemos categorizado nuestros\u00a0<i>posts<\/i> regionalmente para que puedas encontrar informaci\u00f3n espec\u00edfica sobre tus destinos f\u00e1cilmente. \u00a1Disfruta la explora!<\/p>\n<p>[\/et_pb_text][\/et_pb_column][\/et_pb_row][et_pb_row admin_label=\u00bbRow\u00bb][et_pb_column type=\u00bb1_2&#8243;][et_pb_blurb admin_label=\u00bbAsia Blurb\u00bb url_new_window=\u00bboff\u00bb use_icon=\u00bboff\u00bb icon_color=\u00bb#5dd7ea\u00bb use_circle=\u00bboff\u00bb circle_color=\u00bb#5dd7ea\u00bb use_circle_border=\u00bboff\u00bb circle_border_color=\u00bb#5dd7ea\u00bb image=\u00bbhttp:\/\/thesmartluxe.com\/wp-content\/uploads\/2016\/06\/Asia-6-Julius-Sans.jpg\u00bb alt=\u00bbSunrise over Angkor Wat, Cambodia\u00bb icon_placement=\u00bbtop\u00bb animation=\u00bboff\u00bb background_layout=\u00bblight\u00bb text_orientation=\u00bbcenter\u00bb use_icon_font_size=\u00bboff\u00bb use_border_color=\u00bboff\u00bb border_color=\u00bb#ffffff\u00bb border_style=\u00bbsolid\u00bb url=\u00bbhttp:\/\/thesmartluxe.com\/es\/asia\u00bb] [\/et_pb_blurb][et_pb_blurb admin_label=\u00bbSudam\u00e9rica Blurb\u00bb url_new_window=\u00bboff\u00bb use_icon=\u00bboff\u00bb icon_color=\u00bb#5dd7ea\u00bb use_circle=\u00bboff\u00bb circle_color=\u00bb#5dd7ea\u00bb use_circle_border=\u00bboff\u00bb circle_border_color=\u00bb#5dd7ea\u00bb image=\u00bbhttp:\/\/thesmartluxe.com\/wp-content\/uploads\/2016\/07\/Sudamerica-Julius-Sans.jpg\u00bb alt=\u00bbCaballos en las sierras Argentinas\u00bb icon_placement=\u00bbtop\u00bb animation=\u00bboff\u00bb background_layout=\u00bblight\u00bb text_orientation=\u00bbleft\u00bb use_icon_font_size=\u00bboff\u00bb use_border_color=\u00bboff\u00bb border_color=\u00bb#ffffff\u00bb border_style=\u00bbsolid\u00bb url=\u00bbhttp:\/\/thesmartluxe.com\/es\/sudamerica\u00bb] [\/et_pb_blurb][\/et_pb_column][et_pb_column type=\u00bb1_2&#8243;][et_pb_blurb admin_label=\u00bbEuropa Blurb\u00bb url_new_window=\u00bboff\u00bb use_icon=\u00bboff\u00bb icon_color=\u00bb#5dd7ea\u00bb use_circle=\u00bboff\u00bb circle_color=\u00bb#5dd7ea\u00bb use_circle_border=\u00bboff\u00bb circle_border_color=\u00bb#5dd7ea\u00bb image=\u00bbhttp:\/\/thesmartluxe.com\/wp-content\/uploads\/2016\/07\/Europa-Julius-Sans.jpg\u00bb alt=\u00bbPuertas del castillo de Prague\u00bb icon_placement=\u00bbtop\u00bb animation=\u00bboff\u00bb background_layout=\u00bblight\u00bb text_orientation=\u00bbleft\u00bb use_icon_font_size=\u00bboff\u00bb use_border_color=\u00bboff\u00bb border_color=\u00bb#ffffff\u00bb border_style=\u00bbsolid\u00bb url=\u00bbhttp:\/\/thesmartluxe.com\/es\/europa\u00bb] [\/et_pb_blurb][et_pb_blurb admin_label=\u00bbConsejos Blurb\u00bb url_new_window=\u00bboff\u00bb use_icon=\u00bboff\u00bb icon_color=\u00bb#5dd7ea\u00bb use_circle=\u00bboff\u00bb circle_color=\u00bb#5dd7ea\u00bb use_circle_border=\u00bboff\u00bb circle_border_color=\u00bb#5dd7ea\u00bb image=\u00bbhttp:\/\/thesmartluxe.com\/wp-content\/uploads\/2016\/07\/Consejos-Julius-Sans.jpg\u00bb alt=\u00bbTaxi en Calcutta\u00bb icon_placement=\u00bbtop\u00bb animation=\u00bboff\u00bb background_layout=\u00bblight\u00bb text_orientation=\u00bbleft\u00bb use_icon_font_size=\u00bboff\u00bb use_border_color=\u00bboff\u00bb border_color=\u00bb#ffffff\u00bb border_style=\u00bbsolid\u00bb url=\u00bbhttp:\/\/thesmartluxe.com\/es\/consejos-de-viaje\u00bb] [\/et_pb_blurb][\/et_pb_column][\/et_pb_row][\/et_pb_section]<\/p>\n","protected":false},"excerpt":{"rendered":"<p>[et_pb_section admin_label=\u00bbSection\u00bb fullwidth=\u00bbon\u00bb specialty=\u00bboff\u00bb background_image=\u00bbhttp:\/\/thesmartluxe.com\/wp-content\/uploads\/2016\/06\/Tuktuk-Bangkok.jpg\u00bb transparent_background=\u00bbon\u00bb background_color=\u00bb#ffffff\u00bb allow_player_pause=\u00bboff\u00bb inner_shadow=\u00bboff\u00bb parallax=\u00bbon\u00bb parallax_method=\u00bbon\u00bb padding_mobile=\u00bboff\u00bb make_fullwidth=\u00bboff\u00bb use_custom_width=\u00bboff\u00bb width_unit=\u00bbon\u00bb make_equal=\u00bboff\u00bb use_custom_gutter=\u00bboff\u00bb][et_pb_fullwidth_header admin_label=\u00bbFullwidth Header\u00bb title=\u00bbDestinos\u00bb subhead=\u00bb\u00bfA d\u00f3nde ir\u00e1s?\u00bb background_layout=\u00bbdark\u00bb text_orientation=\u00bbcenter\u00bb header_fullscreen=\u00bboff\u00bb header_scroll_down=\u00bboff\u00bb parallax=\u00bboff\u00bb parallax_method=\u00bboff\u00bb content_orientation=\u00bbcenter\u00bb image_orientation=\u00bbcenter\u00bb custom_button_one=\u00bboff\u00bb button_one_letter_spacing=\u00bb0&#8243; button_one_use_icon=\u00bbdefault\u00bb button_one_icon_placement=\u00bbright\u00bb button_one_on_hover=\u00bbon\u00bb button_one_letter_spacing_hover=\u00bb0&#8243; custom_button_two=\u00bboff\u00bb button_two_letter_spacing=\u00bb0&#8243; button_two_use_icon=\u00bbdefault\u00bb button_two_icon_placement=\u00bbright\u00bb button_two_on_hover=\u00bbon\u00bb button_two_letter_spacing_hover=\u00bb0&#8243; title_font_size=\u00bb60px\u00bb title_font=\u00bb|on|||\u00bb subhead_font=\u00bbVerdana|||on|\u00bb] [\/et_pb_fullwidth_header][\/et_pb_section][et_pb_section admin_label=\u00bbSection\u00bb fullwidth=\u00bboff\u00bb specialty=\u00bboff\u00bb][et_pb_row admin_label=\u00bbRow\u00bb][et_pb_column type=\u00bb4_4&#8243;][et_pb_text admin_label=\u00bbText\u00bb background_layout=\u00bblight\u00bb text_orientation=\u00bbleft\u00bb [&hellip;]<\/p>\n","protected":false},"author":2,"featured_media":0,"parent":0,"menu_order":0,"comment_status":"closed","ping_status":"closed","template":"","meta":{"_bbp_topic_count":0,"_bbp_reply_count":0,"_bbp_total_topic_count":0,"_bbp_total_reply_count":0,"_bbp_voice_count":0,"_bbp_anonymous_reply_count":0,"_bbp_topic_count_hidden":0,"_bbp_reply_count_hidden":0,"_bbp_forum_subforum_count":0,"footnotes":""},"class_list":["post-340","page","type-page","status-publish","hentry"],"_links":{"self":[{"href":"https:\/\/thesmartluxe.com\/es\/wp-json\/wp\/v2\/pages\/340","targetHints":{"allow":["GET"]}}],"collection":[{"href":"https:\/\/thesmartluxe.com\/es\/wp-json\/wp\/v2\/pages"}],"about":[{"href":"https:\/\/thesmartluxe.com\/es\/wp-json\/wp\/v2\/types\/page"}],"author":[{"embeddable":true,"href":"https:\/\/thesmartluxe.com\/es\/wp-json\/wp\/v2\/users\/2"}],"replies":[{"embeddable":true,"href":"https:\/\/thesmartluxe.com\/es\/wp-json\/wp\/v2\/comments?post=340"}],"version-history":[{"count":6,"href":"https:\/\/thesmartluxe.com\/es\/wp-json\/wp\/v2\/pages\/340\/revisions"}],"predecessor-version":[{"id":376,"href":"https:\/\/thesmartluxe.com\/es\/wp-json\/wp\/v2\/pages\/340\/revisions\/376"}],"wp:attachment":[{"href":"https:\/\/thesmartluxe.com\/es\/wp-json\/wp\/v2\/media?parent=340"}],"curies":[{"name":"wp","href":"https:\/\/api.w.org\/{rel}","templated":true}]}}